{"id":217,"date":"2020-05-12T03:43:03","date_gmt":"2020-05-12T03:43:03","guid":{"rendered":"http:\/\/otjantar.pl\/?page_id=217"},"modified":"2024-03-20T17:44:58","modified_gmt":"2024-03-20T17:44:58","slug":"home","status":"publish","type":"page","link":"https:\/\/otjantar.com\/","title":{"rendered":"O\u015brodek turystyczny Jantar"},"content":{"rendered":"\n<div class=\"wp-block-cover alignfull is-light has-parallax\" style=\"min-height:800px;aspect-ratio:unset;\"><span aria-hidden=\"true\" class=\"wp-block-cover__background has-cyan-bluish-gray-background-color has-background-dim\"><\/span><div role=\"img\" class=\"wp-block-cover__image-background wp-image-581 has-parallax\" style=\"background-position:50% 50%;background-image:url(https:\/\/otjantar.com\/wp-content\/uploads\/2020\/05\/pexels-photo-7499628.jpeg)\"><\/div><div class=\"wp-block-cover__inner-container is-layout-flow wp-block-cover-is-layout-flow\">\n<h1 class=\"wp-block-heading has-text-align-center has-white-color has-text-color\">Apartamenty Jantar w \u0142ebie<\/h1>\n\n\n\n<p><\/p>\n\n\n\n<h1 class=\"wp-block-heading alignwide has-text-align-center has-white-color has-text-color\">Witamy!<\/h1>\n<\/div><\/div>\n\n\n\n<div class=\"wp-block-group alignwide has-white-background-color has-background is-layout-flow wp-block-group-is-layout-flow\">\n<div class=\"wp-block-columns is-layout-flex wp-container-core-columns-is-layout-28f84493 wp-block-columns-is-layout-flex\">\n<div class=\"wp-block-column is-vertically-aligned-center is-layout-flow wp-block-column-is-layout-flow\">\n<h2 class=\"wp-block-heading\">Oferujemy wypoczynek dla naszych go\u015bci od ponad 20 lat<\/h2>\n<\/div>\n\n\n\n<div class=\"wp-block-column is-layout-flow wp-block-column-is-layout-flow\">\n<p>Dawniej byli\u015bmy w\u0142a\u015bcicielami domk\u00f3w letniskowych obecnie oferowanych przez o\u015brodek Kaper \u0141eba.  Teraz si\u0119 rozwijamy. Sprawd\u017a nasz\u0105 aktualn\u0105 ofert\u0119.<\/p>\n\n\n\n<div class=\"wp-block-buttons is-layout-flex wp-block-buttons-is-layout-flex\">\n<div class=\"wp-block-button\"><a class=\"wp-block-button__link wp-element-button\" href=\"https:\/\/otjantar.com\/?page_id=612\" rel=\"\">Apartamenty<\/a><\/div>\n<\/div>\n<\/div>\n<\/div>\n\n\n\n<div style=\"height:50px\" aria-hidden=\"true\" class=\"wp-block-spacer\"><\/div>\n\n\n\n<div class=\"wp-block-cover\" style=\"min-height:390px;aspect-ratio:unset;\"><span aria-hidden=\"true\" class=\"wp-block-cover__background has-background-dim\"><\/span><img loading=\"lazy\" decoding=\"async\" width=\"2560\" height=\"1920\" class=\"wp-block-cover__image-background wp-image-587\" alt=\"\" src=\"https:\/\/i0.wp.com\/otjantar.com\/wp-content\/uploads\/2021\/07\/20210717_201324-scaled.jpg?resize=2560%2C1920&#038;ssl=1\" data-object-fit=\"cover\" srcset=\"https:\/\/i0.wp.com\/otjantar.com\/wp-content\/uploads\/2021\/07\/20210717_201324-scaled.jpg?w=2560&amp;ssl=1 2560w, https:\/\/i0.wp.com\/otjantar.com\/wp-content\/uploads\/2021\/07\/20210717_201324-scaled.jpg?resize=300%2C225&amp;ssl=1 300w, https:\/\/i0.wp.com\/otjantar.com\/wp-content\/uploads\/2021\/07\/20210717_201324-scaled.jpg?resize=1024%2C768&amp;ssl=1 1024w, https:\/\/i0.wp.com\/otjantar.com\/wp-content\/uploads\/2021\/07\/20210717_201324-scaled.jpg?resize=768%2C576&amp;ssl=1 768w, https:\/\/i0.wp.com\/otjantar.com\/wp-content\/uploads\/2021\/07\/20210717_201324-scaled.jpg?resize=1536%2C1152&amp;ssl=1 1536w, https:\/\/i0.wp.com\/otjantar.com\/wp-content\/uploads\/2021\/07\/20210717_201324-scaled.jpg?resize=2048%2C1536&amp;ssl=1 2048w\" sizes=\"auto, (max-width: 1000px) 100vw, 1000px\" data-recalc-dims=\"1\" \/><div class=\"wp-block-cover__inner-container is-layout-flow wp-block-cover-is-layout-flow\">\n<p class=\"has-large-font-size\"><\/p>\n<\/div><\/div>\n\n\n\n<div style=\"height:50px\" aria-hidden=\"true\" class=\"wp-block-spacer\"><\/div>\n\n\n\n<div class=\"wp-block-columns is-layout-flex wp-container-core-columns-is-layout-28f84493 wp-block-columns-is-layout-flex\">\n<div class=\"wp-block-column is-layout-flow wp-block-column-is-layout-flow\">\n<p>Masz bon turystyczny do wykorzystania? S\u0142u\u017cymy pomoc\u0105! Skontaktuj si\u0119 z nami bezpo\u015brednio a znajdziemy ofert\u0119 dla Ciebie.<\/p>\n\n\n\n<div class=\"wp-block-buttons is-layout-flex wp-block-buttons-is-layout-flex\">\n<div class=\"wp-block-button is-style-fill\"><a class=\"wp-block-button__link wp-element-button\" href=\"https:\/\/otjantar.com\/?page_id=220\" rel=\"\">kontakt<\/a><\/div>\n<\/div>\n\n\n\n<div class=\"wp-block-buttons is-layout-flex wp-block-buttons-is-layout-flex\"><\/div>\n<\/div>\n\n\n\n<div class=\"wp-block-column is-vertically-aligned-center is-layout-flow wp-block-column-is-layout-flow\">\n<h2 class=\"wp-block-heading has-text-align-right\">Honorujemy bony turystyczne<\/h2>\n<\/div>\n<\/div>\n\n\n\n<div style=\"height:50px\" aria-hidden=\"true\" class=\"wp-block-spacer\"><\/div>\n\n\n\n<div class=\"wp-block-cover\" style=\"min-height:383px;aspect-ratio:unset;\"><span aria-hidden=\"true\" class=\"wp-block-cover__background has-background-dim\"><\/span><img loading=\"lazy\" decoding=\"async\" width=\"2560\" height=\"1920\" class=\"wp-block-cover__image-background wp-image-802\" alt=\"\" src=\"https:\/\/i0.wp.com\/otjantar.com\/wp-content\/uploads\/2021\/08\/20210801_183940-scaled.jpg?resize=2560%2C1920&#038;ssl=1\" data-object-fit=\"cover\" srcset=\"https:\/\/i0.wp.com\/otjantar.com\/wp-content\/uploads\/2021\/08\/20210801_183940-scaled.jpg?w=2560&amp;ssl=1 2560w, https:\/\/i0.wp.com\/otjantar.com\/wp-content\/uploads\/2021\/08\/20210801_183940-scaled.jpg?resize=300%2C225&amp;ssl=1 300w, https:\/\/i0.wp.com\/otjantar.com\/wp-content\/uploads\/2021\/08\/20210801_183940-scaled.jpg?resize=1024%2C768&amp;ssl=1 1024w, https:\/\/i0.wp.com\/otjantar.com\/wp-content\/uploads\/2021\/08\/20210801_183940-scaled.jpg?resize=768%2C576&amp;ssl=1 768w, https:\/\/i0.wp.com\/otjantar.com\/wp-content\/uploads\/2021\/08\/20210801_183940-scaled.jpg?resize=1536%2C1152&amp;ssl=1 1536w, https:\/\/i0.wp.com\/otjantar.com\/wp-content\/uploads\/2021\/08\/20210801_183940-scaled.jpg?resize=2048%2C1536&amp;ssl=1 2048w\" sizes=\"auto, (max-width: 1000px) 100vw, 1000px\" data-recalc-dims=\"1\" \/><div class=\"wp-block-cover__inner-container is-layout-flow wp-block-cover-is-layout-flow\">\n<p class=\"has-text-align-center has-large-font-size\"><\/p>\n<\/div><\/div>\n\n\n\n<div style=\"height:50px\" aria-hidden=\"true\" class=\"wp-block-spacer\"><\/div>\n\n\n\n<div class=\"wp-block-columns is-layout-flex wp-container-core-columns-is-layout-28f84493 wp-block-columns-is-layout-flex\">\n<div class=\"wp-block-column is-vertically-aligned-center is-layout-flow wp-block-column-is-layout-flow\">\n<h2 class=\"wp-block-heading has-text-align-left\">Nie tylko apartamenty<\/h2>\n<\/div>\n\n\n\n<div class=\"wp-block-column is-layout-flow wp-block-column-is-layout-flow\">\n<p>W obecnym sezonie oferujemy jedynie apartamenty. Je\u015bli jednak szukasz domku letniskowego jak wi\u0119kszo\u015b\u0107 naszych dotychczasowych go\u015bci mamy dobr\u0105 wiadomo\u015b\u0107. W przysz\u0142ym roku do naszej oferty wr\u00f3c\u0105 domki! W zupe\u0142nie nowym wydaniu.<\/p>\n<\/div>\n<\/div>\n<\/div>\n\n\n\n<div style=\"height:50px\" aria-hidden=\"true\" class=\"wp-block-spacer\"><\/div>\n\n\n\n<div class=\"wp-block-cover alignfull has-parallax\" style=\"min-height:595px;aspect-ratio:unset;\"><span aria-hidden=\"true\" class=\"wp-block-cover__background has-background-dim wp-block-cover__gradient-background has-background-gradient\" style=\"background:linear-gradient(100deg,rgb(21,50,67) 0%,rgb(26,108,122) 100%)\"><\/span><div role=\"img\" class=\"wp-block-cover__image-background wp-image-676 has-parallax\" style=\"background-position:50% 50%;background-image:url(https:\/\/otjantar.com\/wp-content\/uploads\/2020\/05\/pexels-photo-3734875.jpeg)\"><\/div><div class=\"wp-block-cover__inner-container is-layout-flow wp-block-cover-is-layout-flow\">\n<h2 class=\"wp-block-heading has-text-align-center has-white-color has-text-color\"><em>Do\u0142\u0105cz do grona wypocz\u0119tych klient\u00f3w<\/em><\/h2>\n<\/div><\/div>\n","protected":false},"excerpt":{"rendered":"<p>Oferujemy wypoczynek dla naszych go\u015bci od ponad 20 lat Dawniej byli\u015bmy w\u0142a\u015bcicielami domk\u00f3w letniskowych obecnie oferowanych przez o\u015brodek Kaper \u0141eba. Teraz si\u0119 rozwijamy. Sprawd\u017a nasz\u0105 aktualn\u0105 ofert\u0119. Masz bon turystyczny do wykorzystania? S\u0142u\u017cymy pomoc\u0105! Skontaktuj si\u0119 z nami bezpo\u015brednio a znajdziemy ofert\u0119 dla Ciebie. Honorujemy bony turystyczne Nie tylko apartamenty W obecnym sezonie oferujemy jedynie [&hellip;]<\/p>\n","protected":false},"author":1,"featured_media":0,"parent":0,"menu_order":0,"comment_status":"closed","ping_status":"closed","template":"","meta":{"_editorskit_title_hidden":false,"_editorskit_reading_time":1,"_editorskit_is_block_options_detached":false,"_editorskit_block_options_position":"{}","om_disable_all_campaigns":false,"_monsterinsights_skip_tracking":false,"_monsterinsights_sitenote_active":false,"_monsterinsights_sitenote_note":"","_monsterinsights_sitenote_category":0,"site-sidebar-layout":"no-sidebar","site-content-layout":"plain-container","ast-site-content-layout":"normal-width-container","site-content-style":"unboxed","site-sidebar-style":"unboxed","ast-global-header-display":"","ast-banner-title-visibility":"","ast-main-header-display":"","ast-hfb-above-header-display":"","ast-hfb-below-header-display":"","ast-hfb-mobile-header-display":"","site-post-title":"disabled","ast-breadcrumbs-content":"","ast-featured-img":"disabled","footer-sml-layout":"","theme-transparent-header-meta":"disabled","adv-header-id-meta":"","stick-header-meta":"","header-above-stick-meta":"","header-main-stick-meta":"","header-below-stick-meta":"","astra-migrate-meta-layouts":"set","ast-page-background-enabled":"default","ast-page-background-meta":{"desktop":{"background-color":"","background-image":"","background-repeat":"repeat","background-position":"center center","background-size":"auto","background-attachment":"scroll","background-type":"","background-media":"","overlay-type":"","overlay-color":"","overlay-gradient":""},"tablet":{"background-color":"","background-image":"","background-repeat":"repeat","background-position":"center center","background-size":"auto","background-attachment":"scroll","background-type":"","background-media":"","overlay-type":"","overlay-color":"","overlay-gradient":""},"mobile":{"background-color":"","background-image":"","background-repeat":"repeat","background-position":"center center","background-size":"auto","background-attachment":"scroll","background-type":"","background-media":"","overlay-type":"","overlay-color":"","overlay-gradient":""}},"ast-content-background-meta":{"desktop":{"background-color":"var(--ast-global-color-5)","background-image":"","background-repeat":"repeat","background-position":"center center","background-size":"auto","background-attachment":"scroll","background-type":"","background-media":"","overlay-type":"","overlay-color":"","overlay-gradient":""},"tablet":{"background-color":"var(--ast-global-color-5)","background-image":"","background-repeat":"repeat","background-position":"center center","background-size":"auto","background-attachment":"scroll","background-type":"","background-media":"","overlay-type":"","overlay-color":"","overlay-gradient":""},"mobile":{"background-color":"var(--ast-global-color-5)","background-image":"","background-repeat":"repeat","background-position":"center center","background-size":"auto","background-attachment":"scroll","background-type":"","background-media":"","overlay-type":"","overlay-color":"","overlay-gradient":""}},"footnotes":""},"class_list":["post-217","page","type-page","status-publish","hentry"],"aioseo_notices":[],"jetpack_sharing_enabled":true,"_links":{"self":[{"href":"https:\/\/otjantar.com\/index.php?rest_route=\/wp\/v2\/pages\/217","targetHints":{"allow":["GET"]}}],"collection":[{"href":"https:\/\/otjantar.com\/index.php?rest_route=\/wp\/v2\/pages"}],"about":[{"href":"https:\/\/otjantar.com\/index.php?rest_route=\/wp\/v2\/types\/page"}],"author":[{"embeddable":true,"href":"https:\/\/otjantar.com\/index.php?rest_route=\/wp\/v2\/users\/1"}],"replies":[{"embeddable":true,"href":"https:\/\/otjantar.com\/index.php?rest_route=%2Fwp%2Fv2%2Fcomments&post=217"}],"version-history":[{"count":24,"href":"https:\/\/otjantar.com\/index.php?rest_route=\/wp\/v2\/pages\/217\/revisions"}],"predecessor-version":[{"id":829,"href":"https:\/\/otjantar.com\/index.php?rest_route=\/wp\/v2\/pages\/217\/revisions\/829"}],"wp:attachment":[{"href":"https:\/\/otjantar.com\/index.php?rest_route=%2Fwp%2Fv2%2Fmedia&parent=217"}],"curies":[{"name":"wp","href":"https:\/\/api.w.org\/{rel}","templated":true}]}}